{"id":2106,"date":"2015-10-04T03:37:28","date_gmt":"2015-10-04T07:37:28","guid":{"rendered":"http:\/\/www.almungsskafferi.se\/blogg\/?page_id=2106"},"modified":"2015-10-04T03:45:25","modified_gmt":"2015-10-04T07:45:25","slug":"sok-i-receptkategorier","status":"publish","type":"page","link":"http:\/\/www.almungsskafferi.se\/blogg\/sok-i-receptkategorier\/","title":{"rendered":"S\u00f6k i receptkategorier"},"content":{"rendered":"<div class=\"pf-content\"><p>Kryssa i de rutor som du vill g\u00f6ra s\u00f6kningen f\u00f6r tex glutenfritt, mj\u00f6lkfritt och br\u00f6d. Vill du dessutom bara ha resultat f\u00f6r kokosmj\u00f6l skriver du detta i s\u00f6krutan.<\/p>\n\r\n\t\t\t\t<form action=\"\" method=\"post\" class=\"searchandfilter\">\r\n\t\t\t\t\t<div>\r\n\t\t\t\t\t\t<ul><li><input type=\"text\" name=\"ofsearch\" placeholder=\"Search &hellip;\" value=\"\"><\/li><li><ul>\t<li class=\"cat-item cat-item-58\"><label><input type='checkbox' name='ofcategory[]' value='58' \/> Blandat<\/label>\n<\/li>\n\t<li class=\"cat-item cat-item-49\"><label><input type='checkbox' name='ofcategory[]' value='49' \/> Br\u00f6d<\/label>\n<\/li>\n\t<li class=\"cat-item cat-item-38\"><label><input type='checkbox' name='ofcategory[]' value='38' \/> Drycker<\/label>\n<\/li>\n\t<li class=\"cat-item cat-item-48\"><label><input type='checkbox' name='ofcategory[]' value='48' \/> Efterr\u00e4tt<\/label>\n<\/li>\n\t<li class=\"cat-item cat-item-46\"><label><input type='checkbox' name='ofcategory[]' value='46' \/> Fisk<\/label>\n<\/li>\n\t<li class=\"cat-item cat-item-54\"><label><input type='checkbox' name='ofcategory[]' value='54' \/> F\u00f6rr\u00e4tt \/ Plockmat<\/label>\n<\/li>\n\t<li class=\"cat-item cat-item-45\"><label><input type='checkbox' name='ofcategory[]' value='45' \/> Frukost<\/label>\n<\/li>\n\t<li class=\"cat-item cat-item-60\"><label><input type='checkbox' name='ofcategory[]' value='60' \/> Glutenfritt<\/label>\n<\/li>\n\t<li class=\"cat-item cat-item-40\"><label><input type='checkbox' name='ofcategory[]' value='40' \/> Gr\u00f6nsaker tillbeh\u00f6r och sm\u00e5r\u00e4tter<\/label>\n<\/li>\n\t<li class=\"cat-item cat-item-86\"><label><input type='checkbox' name='ofcategory[]' value='86' \/> Ketogen kost<\/label>\n<\/li>\n\t<li class=\"cat-item cat-item-4\"><label><input type='checkbox' name='ofcategory[]' value='4' \/> Lammrecept<\/label>\n<\/li>\n\t<li class=\"cat-item cat-item-62\"><label><input type='checkbox' name='ofcategory[]' value='62' \/> LCHF och Keto<\/label>\n<\/li>\n\t<li class=\"cat-item cat-item-67\"><label><input type='checkbox' name='ofcategory[]' value='67' \/> Mellanm\u00e5l<\/label>\n<\/li>\n\t<li class=\"cat-item cat-item-43\"><label><input type='checkbox' name='ofcategory[]' value='43' \/> Middag<\/label>\n<\/li>\n\t<li class=\"cat-item cat-item-33\"><label><input type='checkbox' name='ofcategory[]' value='33' \/> Mj\u00f6lkfritt<\/label>\n<\/li>\n\t<li class=\"cat-item cat-item-50\"><label><input type='checkbox' name='ofcategory[]' value='50' \/> Modifierad atkins<\/label>\n<\/li>\n\t<li class=\"cat-item cat-item-26\"><label><input type='checkbox' name='ofcategory[]' value='26' \/> N\u00f6tk\u00f6tt<\/label>\n<\/li>\n\t<li class=\"cat-item cat-item-68\"><label><input type='checkbox' name='ofcategory[]' value='68' \/> \u00d6vriga recept<\/label>\n<\/li>\n\t<li class=\"cat-item cat-item-66\"><label><input type='checkbox' name='ofcategory[]' value='66' \/> \u00d6vrigt<\/label>\n<\/li>\n\t<li class=\"cat-item cat-item-63\"><label><input type='checkbox' name='ofcategory[]' value='63' \/> Paleo<\/label>\n<\/li>\n\t<li class=\"cat-item cat-item-65\"><label><input type='checkbox' name='ofcategory[]' value='65' \/> Plockmat F\u00f6rr\u00e4tt<\/label>\n<\/li>\n\t<li class=\"cat-item cat-item-64\"><label><input type='checkbox' name='ofcategory[]' value='64' \/> Raw<\/label>\n<\/li>\n\t<li class=\"cat-item cat-item-51\"><label><input type='checkbox' name='ofcategory[]' value='51' \/> S\u00e5s<\/label>\n<\/li>\n\t<li class=\"cat-item cat-item-16\"><label><input type='checkbox' name='ofcategory[]' value='16' \/> Soppa<\/label>\n<\/li>\n\t<li class=\"cat-item cat-item-56\"><label><input type='checkbox' name='ofcategory[]' value='56' \/> Tillbeh\u00f6r gr\u00f6nsaker och sm\u00e5r\u00e4tter<\/label>\n<\/li>\n<\/ul><input type=\"hidden\" name=\"ofcategory_operator\" value=\"and\" \/><\/li><li><ul>\t<li class=\"cat-item cat-item-59\"><label><input type='checkbox' name='ofpost_tag[]' value='59' \/> Frukost<\/label>\n<\/li>\n\t<li class=\"cat-item cat-item-11\"><label><input type='checkbox' name='ofpost_tag[]' value='11' \/> lammfiol<\/label>\n<\/li>\n\t<li class=\"cat-item cat-item-10\"><label><input type='checkbox' name='ofpost_tag[]' value='10' \/> lchf<\/label>\n<\/li>\n\t<li class=\"cat-item cat-item-9\"><label><input type='checkbox' name='ofpost_tag[]' value='9' \/> ostkaka<\/label>\n<\/li>\n<\/ul><input type=\"hidden\" name=\"ofpost_tag_operator\" value=\"and\" \/><\/li><li><input type=\"hidden\" name=\"ofsubmitted\" value=\"1\">\r\n\t\t\t\t\t\t\t<input type=\"submit\" value=\"Submit\">\r\n\t\t\t\t\t\t<\/li><\/ul><\/div>\r\n\t\t\t\t<\/form>\n<\/div>","protected":false},"excerpt":{"rendered":"<p>Kryssa i de rutor som du vill g\u00f6ra s\u00f6kningen f\u00f6r tex glutenfritt, mj\u00f6lkfritt och br\u00f6d. Vill du dessutom bara ha resultat f\u00f6r kokosmj\u00f6l skriver du detta i s\u00f6krutan.<\/p>\n","protected":false},"author":1,"featured_media":0,"parent":0,"menu_order":0,"comment_status":"closed","ping_status":"closed","template":"","meta":{"footnotes":""},"class_list":["post-2106","page","type-page","status-publish","hentry"],"_links":{"self":[{"href":"http:\/\/www.almungsskafferi.se\/blogg\/wp-json\/wp\/v2\/pages\/2106","targetHints":{"allow":["GET"]}}],"collection":[{"href":"http:\/\/www.almungsskafferi.se\/blogg\/wp-json\/wp\/v2\/pages"}],"about":[{"href":"http:\/\/www.almungsskafferi.se\/blogg\/wp-json\/wp\/v2\/types\/page"}],"author":[{"embeddable":true,"href":"http:\/\/www.almungsskafferi.se\/blogg\/wp-json\/wp\/v2\/users\/1"}],"replies":[{"embeddable":true,"href":"http:\/\/www.almungsskafferi.se\/blogg\/wp-json\/wp\/v2\/comments?post=2106"}],"version-history":[{"count":7,"href":"http:\/\/www.almungsskafferi.se\/blogg\/wp-json\/wp\/v2\/pages\/2106\/revisions"}],"predecessor-version":[{"id":2115,"href":"http:\/\/www.almungsskafferi.se\/blogg\/wp-json\/wp\/v2\/pages\/2106\/revisions\/2115"}],"wp:attachment":[{"href":"http:\/\/www.almungsskafferi.se\/blogg\/wp-json\/wp\/v2\/media?parent=2106"}],"curies":[{"name":"wp","href":"https:\/\/api.w.org\/{rel}","templated":true}]}}